{"id":2225,"date":"2020-01-31T12:28:40","date_gmt":"2020-01-31T10:28:40","guid":{"rendered":"https:\/\/www.aggsa.cat\/aggsa2019\/politica-de-privacidad\/"},"modified":"2022-05-04T11:51:20","modified_gmt":"2022-05-04T09:51:20","slug":"politica-de-privacidad","status":"publish","type":"page","link":"https:\/\/aggsa.cat\/es\/politica-de-privacidad\/","title":{"rendered":"Pol\u00edtica de privacidad"},"content":{"rendered":"<p>[et_pb_section fb_built=\u00bb1&#8243; _builder_version=\u00bb3.26&#8243;][et_pb_row _builder_version=\u00bb3.26&#8243;][et_pb_column type=\u00bb4_4&#8243; _builder_version=\u00bb3.26&#8243;][et_pb_text _builder_version=\u00bb3.26&#8243;]<\/p>\n<h3>Pol\u00edtica de Privacidad<\/h3>\n<p>&nbsp;<\/p>\n<p>El dominio www.aggsa.com pertenece a:<\/p>\n<p><b>AGGSA \u2013 A\u00cfLLAMENTS GENERALS GIRONINS<\/b><br \/>\nA-17429358<br \/>\nc\/ CASES NOVES, 78<br \/>\n17200 \u2013 PALAFRUGELL (GIRONA)<br \/>\nTEL: 972 30 21 63<br \/>\nFAX: 972 30 47 05<br \/>\ninfo@aggsa.com<\/p>\n<p>Est\u00e1 totalmente prohibida toda reproducci\u00f3n parcial o total de los contenidos del sitio web sin la autorizaci\u00f3n expresa del propietario del copyright.<\/p>\n<p><b>Propiedad intelectual e industrial<\/b><br \/>\nAGGSA es due\u00f1o de este sitio web y titular de los derechos de propiedad intelectual e industrial de la p\u00e1gina citada, as\u00ed como de todo los contenidos de la misma y el dominio www.aggsa.com<\/p>\n<p><b>T\u00e9rminos y condiciones<\/b><br \/>\nEl acceso a este sitio web es responsabilidad exclusiva de los usuarios. El acceso y la navegaci\u00f3n en este sitio web supone aceptar y conocer las advertencias legales, condiciones y t\u00e9rminos de uso que contiene.[\/et_pb_text][\/et_pb_column][\/et_pb_row][\/et_pb_section]<\/p>\n","protected":false},"excerpt":{"rendered":"<p>Pol\u00edtica de Privacidad &nbsp; El dominio www.aggsa.com pertenece a: AGGSA \u2013 A\u00cfLLAMENTS GENERALS GIRONINS A-17429358 c\/ CASES NOVES, 78 17200 \u2013 PALAFRUGELL (GIRONA) TEL: 972 30 21 63 FAX: 972 30 47 05 info@aggsa.com Est\u00e1 totalmente prohibida toda reproducci\u00f3n parcial o total de los contenidos del sitio web sin la autorizaci\u00f3n expresa del propietario del [&hellip;]<\/p>\n","protected":false},"author":1,"featured_media":0,"parent":0,"menu_order":0,"comment_status":"closed","ping_status":"open","template":"","meta":{"_et_pb_use_builder":"on","_et_pb_old_content":"","_et_gb_content_width":"","_monsterinsights_skip_tracking":false,"_monsterinsights_sitenote_active":false,"_monsterinsights_sitenote_note":"","_monsterinsights_sitenote_category":0,"_joinchat":[],"footnotes":""},"class_list":["post-2225","page","type-page","status-publish","hentry"],"yoast_head":"<!-- This site is optimized with the Yoast SEO plugin v27.4 - https:\/\/yoast.com\/product\/yoast-seo-wordpress\/ -->\n<title>Pol\u00edtica de privacidad - Aggsa<\/title>\n<meta name=\"robots\" content=\"index, follow, max-snippet:-1, max-image-preview:large, max-video-preview:-1\" \/>\n<link rel=\"canonical\" href=\"https:\/\/aggsa.cat\/es\/politica-de-privacidad\/\" \/>\n<meta property=\"og:locale\" content=\"es_ES\" \/>\n<meta property=\"og:type\" content=\"article\" \/>\n<meta property=\"og:title\" content=\"Pol\u00edtica de privacidad - Aggsa\" \/>\n<meta property=\"og:description\" content=\"Pol\u00edtica de Privacidad &nbsp; El dominio www.aggsa.com pertenece a: AGGSA \u2013 A\u00cfLLAMENTS GENERALS GIRONINS A-17429358 c\/ CASES NOVES, 78 17200 \u2013 PALAFRUGELL (GIRONA) TEL: 972 30 21 63 FAX: 972 30 47 05 info@aggsa.com Est\u00e1 totalmente prohibida toda reproducci\u00f3n parcial o total de los contenidos del sitio web sin la autorizaci\u00f3n expresa del propietario del [&hellip;]\" \/>\n<meta property=\"og:url\" content=\"https:\/\/aggsa.cat\/es\/politica-de-privacidad\/\" \/>\n<meta property=\"og:site_name\" content=\"Aggsa\" \/>\n<meta property=\"article:publisher\" content=\"https:\/\/www.facebook.com\/aggsa.cat\" \/>\n<meta property=\"article:modified_time\" content=\"2022-05-04T09:51:20+00:00\" \/>\n<meta name=\"twitter:card\" content=\"summary_large_image\" \/>\n<meta name=\"twitter:label1\" content=\"Tiempo de lectura\" \/>\n\t<meta name=\"twitter:data1\" content=\"1 minuto\" \/>\n<script type=\"application\/ld+json\" class=\"yoast-schema-graph\">{\"@context\":\"https:\\\/\\\/schema.org\",\"@graph\":[{\"@type\":\"WebPage\",\"@id\":\"https:\\\/\\\/aggsa.cat\\\/es\\\/politica-de-privacidad\\\/\",\"url\":\"https:\\\/\\\/aggsa.cat\\\/es\\\/politica-de-privacidad\\\/\",\"name\":\"Pol\u00edtica de privacidad - Aggsa\",\"isPartOf\":{\"@id\":\"https:\\\/\\\/aggsa.cat\\\/es\\\/#website\"},\"datePublished\":\"2020-01-31T10:28:40+00:00\",\"dateModified\":\"2022-05-04T09:51:20+00:00\",\"breadcrumb\":{\"@id\":\"https:\\\/\\\/aggsa.cat\\\/es\\\/politica-de-privacidad\\\/#breadcrumb\"},\"inLanguage\":\"es\",\"potentialAction\":[{\"@type\":\"ReadAction\",\"target\":[\"https:\\\/\\\/aggsa.cat\\\/es\\\/politica-de-privacidad\\\/\"]}]},{\"@type\":\"BreadcrumbList\",\"@id\":\"https:\\\/\\\/aggsa.cat\\\/es\\\/politica-de-privacidad\\\/#breadcrumb\",\"itemListElement\":[{\"@type\":\"ListItem\",\"position\":1,\"name\":\"Inici\",\"item\":\"https:\\\/\\\/aggsa.cat\\\/es\\\/\"},{\"@type\":\"ListItem\",\"position\":2,\"name\":\"Pol\u00edtica de privacidad\"}]},{\"@type\":\"WebSite\",\"@id\":\"https:\\\/\\\/aggsa.cat\\\/es\\\/#website\",\"url\":\"https:\\\/\\\/aggsa.cat\\\/es\\\/\",\"name\":\"Aggsa\",\"description\":\"Especialistes en la rehabilitaci\u00f3 i manteniment d&#039;edificis\",\"publisher\":{\"@id\":\"https:\\\/\\\/aggsa.cat\\\/es\\\/#organization\"},\"potentialAction\":[{\"@type\":\"SearchAction\",\"target\":{\"@type\":\"EntryPoint\",\"urlTemplate\":\"https:\\\/\\\/aggsa.cat\\\/es\\\/?s={search_term_string}\"},\"query-input\":{\"@type\":\"PropertyValueSpecification\",\"valueRequired\":true,\"valueName\":\"search_term_string\"}}],\"inLanguage\":\"es\"},{\"@type\":\"Organization\",\"@id\":\"https:\\\/\\\/aggsa.cat\\\/es\\\/#organization\",\"name\":\"AGGSA\",\"url\":\"https:\\\/\\\/aggsa.cat\\\/es\\\/\",\"logo\":{\"@type\":\"ImageObject\",\"inLanguage\":\"es\",\"@id\":\"https:\\\/\\\/aggsa.cat\\\/es\\\/#\\\/schema\\\/logo\\\/image\\\/\",\"url\":\"https:\\\/\\\/www.aggsa.cat\\\/wp-content\\\/uploads\\\/2019\\\/07\\\/logo_aggsa.png\",\"contentUrl\":\"https:\\\/\\\/www.aggsa.cat\\\/wp-content\\\/uploads\\\/2019\\\/07\\\/logo_aggsa.png\",\"width\":2328,\"height\":624,\"caption\":\"AGGSA\"},\"image\":{\"@id\":\"https:\\\/\\\/aggsa.cat\\\/es\\\/#\\\/schema\\\/logo\\\/image\\\/\"},\"sameAs\":[\"https:\\\/\\\/www.facebook.com\\\/aggsa.cat\",\"https:\\\/\\\/www.instagram.com\\\/aggsa.cat\\\/\"]}]}<\/script>\n<!-- \/ Yoast SEO plugin. -->","yoast_head_json":{"title":"Pol\u00edtica de privacidad - Aggsa","robots":{"index":"index","follow":"follow","max-snippet":"max-snippet:-1","max-image-preview":"max-image-preview:large","max-video-preview":"max-video-preview:-1"},"canonical":"https:\/\/aggsa.cat\/es\/politica-de-privacidad\/","og_locale":"es_ES","og_type":"article","og_title":"Pol\u00edtica de privacidad - Aggsa","og_description":"Pol\u00edtica de Privacidad &nbsp; El dominio www.aggsa.com pertenece a: AGGSA \u2013 A\u00cfLLAMENTS GENERALS GIRONINS A-17429358 c\/ CASES NOVES, 78 17200 \u2013 PALAFRUGELL (GIRONA) TEL: 972 30 21 63 FAX: 972 30 47 05 info@aggsa.com Est\u00e1 totalmente prohibida toda reproducci\u00f3n parcial o total de los contenidos del sitio web sin la autorizaci\u00f3n expresa del propietario del [&hellip;]","og_url":"https:\/\/aggsa.cat\/es\/politica-de-privacidad\/","og_site_name":"Aggsa","article_publisher":"https:\/\/www.facebook.com\/aggsa.cat","article_modified_time":"2022-05-04T09:51:20+00:00","twitter_card":"summary_large_image","twitter_misc":{"Tiempo de lectura":"1 minuto"},"schema":{"@context":"https:\/\/schema.org","@graph":[{"@type":"WebPage","@id":"https:\/\/aggsa.cat\/es\/politica-de-privacidad\/","url":"https:\/\/aggsa.cat\/es\/politica-de-privacidad\/","name":"Pol\u00edtica de privacidad - Aggsa","isPartOf":{"@id":"https:\/\/aggsa.cat\/es\/#website"},"datePublished":"2020-01-31T10:28:40+00:00","dateModified":"2022-05-04T09:51:20+00:00","breadcrumb":{"@id":"https:\/\/aggsa.cat\/es\/politica-de-privacidad\/#breadcrumb"},"inLanguage":"es","potentialAction":[{"@type":"ReadAction","target":["https:\/\/aggsa.cat\/es\/politica-de-privacidad\/"]}]},{"@type":"BreadcrumbList","@id":"https:\/\/aggsa.cat\/es\/politica-de-privacidad\/#breadcrumb","itemListElement":[{"@type":"ListItem","position":1,"name":"Inici","item":"https:\/\/aggsa.cat\/es\/"},{"@type":"ListItem","position":2,"name":"Pol\u00edtica de privacidad"}]},{"@type":"WebSite","@id":"https:\/\/aggsa.cat\/es\/#website","url":"https:\/\/aggsa.cat\/es\/","name":"Aggsa","description":"Especialistes en la rehabilitaci\u00f3 i manteniment d&#039;edificis","publisher":{"@id":"https:\/\/aggsa.cat\/es\/#organization"},"potentialAction":[{"@type":"SearchAction","target":{"@type":"EntryPoint","urlTemplate":"https:\/\/aggsa.cat\/es\/?s={search_term_string}"},"query-input":{"@type":"PropertyValueSpecification","valueRequired":true,"valueName":"search_term_string"}}],"inLanguage":"es"},{"@type":"Organization","@id":"https:\/\/aggsa.cat\/es\/#organization","name":"AGGSA","url":"https:\/\/aggsa.cat\/es\/","logo":{"@type":"ImageObject","inLanguage":"es","@id":"https:\/\/aggsa.cat\/es\/#\/schema\/logo\/image\/","url":"https:\/\/www.aggsa.cat\/wp-content\/uploads\/2019\/07\/logo_aggsa.png","contentUrl":"https:\/\/www.aggsa.cat\/wp-content\/uploads\/2019\/07\/logo_aggsa.png","width":2328,"height":624,"caption":"AGGSA"},"image":{"@id":"https:\/\/aggsa.cat\/es\/#\/schema\/logo\/image\/"},"sameAs":["https:\/\/www.facebook.com\/aggsa.cat","https:\/\/www.instagram.com\/aggsa.cat\/"]}]}},"_links":{"self":[{"href":"https:\/\/aggsa.cat\/es\/wp-json\/wp\/v2\/pages\/2225","targetHints":{"allow":["GET"]}}],"collection":[{"href":"https:\/\/aggsa.cat\/es\/wp-json\/wp\/v2\/pages"}],"about":[{"href":"https:\/\/aggsa.cat\/es\/wp-json\/wp\/v2\/types\/page"}],"author":[{"embeddable":true,"href":"https:\/\/aggsa.cat\/es\/wp-json\/wp\/v2\/users\/1"}],"replies":[{"embeddable":true,"href":"https:\/\/aggsa.cat\/es\/wp-json\/wp\/v2\/comments?post=2225"}],"version-history":[{"count":4,"href":"https:\/\/aggsa.cat\/es\/wp-json\/wp\/v2\/pages\/2225\/revisions"}],"predecessor-version":[{"id":3553,"href":"https:\/\/aggsa.cat\/es\/wp-json\/wp\/v2\/pages\/2225\/revisions\/3553"}],"wp:attachment":[{"href":"https:\/\/aggsa.cat\/es\/wp-json\/wp\/v2\/media?parent=2225"}],"curies":[{"name":"wp","href":"https:\/\/api.w.org\/{rel}","templated":true}]}}